{"id":1950,"date":"2016-03-30T23:05:02","date_gmt":"2016-03-30T23:05:02","guid":{"rendered":"http:\/\/goldenbeardproject.com\/en\/?page_id=1950"},"modified":"2016-05-26T20:26:14","modified_gmt":"2016-05-26T20:26:14","slug":"about","status":"publish","type":"page","link":"https:\/\/goldenbeardproject.com\/en\/about\/","title":{"rendered":"ABOUT"},"content":{"rendered":"<script type=\"text\/javascript\">\r\ndocument.addEventListener(\"DOMContentLoaded\", function(event) { \r\n\tjQuery( '#slider-pro-3-2134' ).sliderPro({\r\n\t\t\/\/width\r\n\t\t\t\twidth: 1000,\r\n\t\t\t\t\r\n\t\t\/\/height\r\n\t\t\t\theight: 500,\r\n\t\t\t\t\r\n\t\t\/\/auto play\r\n\t\t\t\tautoplay:  true,\r\n\t\tautoplayOnHover: 'none',\r\n\t\t\t\t\t\t\t\tautoplayDelay: 5000,\r\n\t\t\r\n\t\t\r\n\t\tarrows: true,\r\n\t\tbuttons: true,\r\n\t\tsmallSize: 500,\r\n\t\tmediumSize: 1000,\r\n\t\tlargeSize: 3000,\r\n\t\tfade: true,\r\n\t\t\r\n\t\t\/\/thumbnail\r\n\t\tthumbnailArrows: true,\r\n\t\tthumbnailWidth: 120,\r\n\t\tthumbnailHeight: 120,\r\n\t\t\t\t\t\tthumbnailsPosition: 'bottom',\r\n\t\t\t\t\t\tcenterImage: true,\r\n\t\timageScaleMode: 'cover',\r\n\t\tallowScaleUp: true,\r\n\t\t\t\tstartSlide: 0,\r\n\t\tloop: true,\r\n\t\tslideDistance: 5,\r\n\t\tautoplayDirection: 'normal',\r\n\t\ttouchSwipe: true,\r\n\t\tfullScreen: true,\r\n\t});\r\n});\r\n<\/script>\r\n\r\n<div id=\"uris-slider-title\">\r\n\t<h3 class=\"uris-slider-post-title\">A Propos<\/h3>\r\n<\/div>\r\n <div class=\"slides-not-found\"><i class=\"fa fa-times-circle\"><\/i> No Slide Found In Slider.<\/div> \n<h2 style=\"margin-left:50px; margin-bottom:40px; text-decoration:underline;\"><strong>About<\/strong><\/h2>\n<p><\/p>\n<p style=\"color:white;font-size:18px; margin-left:50px; margin-right:50px; margin-bottom:50px;\">The Chronicles of Golden Beard, it&#8217;s the story of a young captain qui part \u00e0 l\u2019aventure avec son \u00e9quipage, compos\u00e9 de pirates tr\u00e8s diff\u00e9rents les uns des autres. Il doit apprendre \u00e0 composer avec les faiblesses de ses co-\u00e9quipiers, mais surtout allier leurs forces pour r\u00e9ussir sa qu\u00eate. Il se rend rapidement compte que sans eux, il ne pourrait mener \u00e0 terme son projet. <\/p>\n<p><\/p>\n<h2 style=\"margin-left:50px; margin-bottom:40px;\"><strong>GOLDEN BEARD CHRONICLES<\/strong><\/h2>\n<p><\/p>\n<div class=\"row\">\n<div class=\"col-md-8\" style=\"margin-top: 0px;\" >\n<p style=\"font-size:18px; color:white; margin-left:50px; margin-right:50px; margin-bottom:30px;\">Makwah, courageux capitaine du Drunken Seahorse se voit confier une mission de taille par Morana, une petite fille \u00e9trange qu\u2019il a rencontr\u00e9 dans un monde myst\u00e9rieux. Il doit rassembler les M\u00e9kans, douze morceaux de l\u2019horloge originelle,  \u00e9parpill\u00e9 aux quatre coins de Delantera, la plan\u00e8te o\u00f9 il vit. <\/p>\n<p style=\"font-size:18px; color:white; margin-left:50px; margin-right:50px; margin-bottom:30px;\">Dans ce monde, les animaux r\u00e8gnent en ma\u00eetres et les humains, presque disparus, sont trait\u00e9s en esclaves. Makwah doit convaincre l\u2019un d\u2019eux de l\u2019aider; Salem, le plus vieil humain de Delantera, qui a d\u00e9couvert les M\u00e9kans des ann\u00e9es auparavant mais a disparu dans la nature en d\u00e9truisant les informations sur ces \u00e9tranges objets.\n<\/p>\n<p><\/p>\n<p style=\"font-size:18px; color:white; margin-left:50px; margin-right:50px; margin-bottom:50px;\">Avec peu d\u2019indices en poche, Makwah doit faire preuve de ruse pour obtenir ce qu\u2019il veut, en misant sur son flaire l\u00e9gendaire, mais surtout, sur les forces de chacun des membres de son \u00e9quipage. L\u2019\u00e9quipe de pirates color\u00e9s, dirig\u00e9 par un capitaine plus d\u00e9termin\u00e9 que jamais, se lance dans une qu\u00eate extraordinaire qui les m\u00e8nera sur des territoires jusque l\u00e0 inexplor\u00e9s. <\/p>\n<p>\n<\/div>\n<div class=\"col-md-3\" style=\" margin-right: 40px; margin-left: 40px; margin-top:5px; margin-bottom:20px;\" >\n<a href=\"http:\/\/goldenbeardproject.com\/wp-content\/uploads\/2016\/04\/Accueil_thumbs_comic_01.1-2.jpg\"><img loading=\"lazy\" decoding=\"async\" src=\"http:\/\/goldenbeardproject.com\/wp-content\/uploads\/2016\/04\/Accueil_thumbs_comic_01.1-2-300x206.jpg\" alt=\"Accueil_thumbs_comic_01.1\" width=\"300\" height=\"206\" class=\"alignright size-medium wp-image-4277\" \/><\/a><br \/>\n<\/p>\n<\/div>\n<\/div>\n<p><\/p>\n<h2 style=\"margin-left:50px; margin-bottom:40px;\"><strong>BANDE-DESSIN\u00c9ES AVEC TRAMES SONORES<\/strong><\/h2>\n<p><\/p>\n<div class=\"row\">\n<div class=\"col-md-3\" style=\" margin-right: 0px; margin-left: 60px; margin-top:20px; margin-bottom:20px;\" >\n<a href=\"http:\/\/goldenbeardproject.com\/wp-content\/uploads\/2016\/04\/music_01.1-2.jpg\" rel=\"attachment wp-att-155\"><img loading=\"lazy\" decoding=\"async\" src=\"http:\/\/goldenbeardproject.com\/wp-content\/uploads\/2016\/04\/music_01.1-2.jpg\" alt=\"comic\" width=\"250\" height=\"300\" class=\"alignnone size-medium wp-image-155\" \/><\/a>\n<\/div>\n<div class=\"col-md-8\" style=\"margin-top: 20px; margin-left: 20px;\" >\n<p style=\"color:white; font-size:18px; margin-left:50px; margin-right:50px; margin-bottom:30px;\"><strong>La s\u00e9rie de bande-dessin\u00e9es<\/strong> est con\u00e7ue et illustr\u00e9e en \u00e9pisodes de 24 pages. Elle est disponible en livre papier, en format de livre num\u00e9rique t\u00e9l\u00e9chargeable, en webcomic, ainsi qu\u2019en format de livre num\u00e9rique sur le web.<\/p>\n<p><\/p>\n<p style=\"color:white; font-size:18px; margin-left:50px; margin-right:50px; margin-bottom:30px;\"><strong>Une trame sonore originale<\/strong> est fournie avec chaque bande dessin\u00e9e. Cr\u00e9\u00e9e et interpr\u00e9t\u00e9 d\u2019apr\u00e8s l\u2019univers de chaque \u00e9pisode, des marqueurs de temps sur les pages donnent des rep\u00e8res pour orienter la lecture. La musique plonge le lecteur dans un univers complet, en le rapprochant d\u2019une exp\u00e9rience cin\u00e9matographique.<\/p>\n<p><\/p>\n<p style=\"color:white; font-size:18px; margin-left:50px; margin-right:50px; margin-bottom:50px;\"><strong>De courtes bandes dessin\u00e9es<\/strong> de quatre et huit pages ont \u00e9t\u00e9 cr\u00e9\u00e9es en plus, abordant des sujets tels que la pollution des oc\u00e9ans et le v\u00e9g\u00e9tarisme. Elles pr\u00e9sentent des petites anecdotes mettant en vedette les membres de l\u2019\u00e9quipage du Drunken Seahorse.<\/p>\n<p>\n<\/div>\n<\/div>\n<h2 style=\"margin-left:50px; margin-bottom:40px;\"><strong>VOUS EN VOULEZ PLUS ?<\/strong><\/h2>\n<p><\/p>\n<div class=\"row\">\n<div class=\"col-md-9\" style=\"margin-top: 0px;\" >\n<p style=\"color:white;font-size:18px; margin-left:50px; margin-right:50px; margin-bottom:30px;\"> \u00c0 \u00e7a s\u2019ajoute <strong>Le Journal du Capitaine<\/strong> un journal de bord o\u00f9 le capitaine note ses impressions, ses d\u00e9couvertes, ses trouvailles, ses connaissances et toute sorte d\u2019informations sur la vie au sein de l\u2019\u00e9quipage du Drunken Seahorse. On entre dans la t\u00eate de Makwah, o\u00f9 un tout autre angle des aventures s\u2019offre aux lecteurs. Ce journal comporte des illustrations fait par le capitaine lui-m\u00eame.\n<\/p>\n<p><\/p>\n<p style=\"color:white; font-size:18px; margin-left:50px; margin-right:50px; margin-bottom:30px;\"><strong>Les Chroniques de Barbe Or<\/strong> c\u2019est une source intarissable de mat\u00e9riel qui peut se d\u00e9veloper en jeux interactifs sur le web, en applications mobiles, en livres \u00e9ducatifs et p\u00e9dagogiques, en jeux de soci\u00e9t\u00e9, en figurines etc.<\/p>\n<p><\/p>\n<p style=\"color:white; font-size:18px; margin-left:50px; margin-right:50px; margin-bottom:50px;\">Des livres interractifs verront le jour bient\u00f4t. Restez inform\u00e9s!<\/p>\n<p>\n<\/div>\n<div class=\"col-md-3\" style=\" margin-right: 0px; margin-left: 0px; margin-top:-30px;\" >\n<a href=\"http:\/\/goldenbeardproject.com\/wp-content\/uploads\/2016\/03\/EP03_bookV8_FR_27.jpg\" rel=\"attachment wp-att-155\"><img loading=\"lazy\" decoding=\"async\" src=\"http:\/\/goldenbeardproject.com\/wp-content\/uploads\/2016\/03\/EP03_bookV8_FR_27.jpg\" alt=\"comic\" width=\"200\" height=\"300\" class=\"alignnone size-medium wp-image-155\" \/><\/a><br \/>\n<\/p>\n<\/div>\n<\/div>\n<h2 style=\"margin-left:50px ;margin-bottom:40px;\"><strong>UN VASTE UNIVERS<\/strong><\/h2>\n<p><\/p>\n<p style=\"color:white; font-size:18px; margin-left:50px; margin-right:50px; margin-bottom:30px;\">Dans cette qu\u00eate \u00e9pique, on fait la d\u00e9couverte de lieux extraordinaires et de personnages hauts en couleur. L&#8217;univers de Barbe Or est tr\u00e8s vaste, comportant de multiples lieux et personnages. C&#8217;est un univers o\u00f9 les fans sont invit\u00e9s \u00e0 collaborer. <\/p>\n<p><\/p>\n<p style=\"color:white; font-size:18px; margin-left:50px; margin-right:50px; margin-bottom:50px;\">Pour en savoir plus, visitez <strong style=\"font-size:20px;\"> goldenbeardproject.com\/wiki<\/strong> <\/p>\n<p><\/p>\n<h2 style=\"margin-left:50px; margin-bottom:40px;\"><strong>OBJECTIFS P\u00c9DAGOGIQUES<\/strong><\/h2>\n<p><\/p>\n<div class=\"row\">\n<div class=\"col-md-3\" style=\" margin-right: 0px; margin-left: 60px; margin-top:20px; margin-bottom:50px;\" >\n<a href=\"http:\/\/goldenbeardproject.com\/wp-content\/uploads\/2016\/03\/book_01.1.jpg\" rel=\"attachment wp-att-155\"><img loading=\"lazy\" decoding=\"async\" src=\"http:\/\/goldenbeardproject.com\/wp-content\/uploads\/2016\/03\/book_01.1.jpg\" alt=\"comic\" width=\"250\" height=\"300\" class=\"alignnone size-medium wp-image-155\" \/><\/a>\n<\/div>\n<div class=\"col-md-8\" style=\"margin-top: 20px; margin-left: 20px;\" >\n<p style=\"color:white; font-size:18px; margin-left:50px; margin-right:50px; margin-bottom:30px;\">Les Chroniques de Barbe Or, est orient\u00e9 vers un public entre 8 et 12 ans et abordent les th\u00e8mes du courage, de l\u2019entraide et de la pers\u00e9v\u00e9rance. <\/p>\n<p><\/p>\n<p style=\"color:white; font-size:18px; margin-left:50px; margin-right:50px; margin-bottom:30px;\">Afin de r\u00e9aliser la mission qu\u2019on lui a confi\u00e9e, Makwah devra faire appel aux talents des membres de son \u00e9quipage et \u00e0 des alli\u00e9s qui croiseront sa route. <\/p>\n<p><\/p>\n<p style=\"color:white; font-size:18px; margin-left:50px; margin-right:50px; margin-bottom:50px; margin-bottom:50px;\">Les Chroniques de Barbe Or m\u00ealent aventure et humour dans un monde fantastique compos\u00e9 de territoires surprenants, o\u00f9 on fait la rencontre de personnages originaux avec lesquels on se lance \u00e0 la recherche des pi\u00e8ces d\u2019un \u00e9norme casse-t\u00eate. Tout pour piquer la curiosit\u00e9 des petits\u2026et des plus grands aux coeurs d\u2019enfants! <\/p>\n<\/div>\n<\/div>\n","protected":false},"excerpt":{"rendered":"","protected":false},"author":1,"featured_media":0,"parent":0,"menu_order":0,"comment_status":"closed","ping_status":"closed","template":"page-template-2\/apropos.php","meta":{"_acf_changed":false,"footnotes":""},"class_list":["post-1950","page","type-page","status-publish","hentry"],"acf":[],"yoast_head":"<!-- This site is optimized with the Yoast SEO plugin v26.5 - https:\/\/yoast.com\/wordpress\/plugins\/seo\/ -->\n<title>Golden Beard - ABOUT<\/title>\n<meta name=\"description\" content=\"It&#039;s a story of the young captain Makwah who will have to travel around the world with his ship to collect the Mekan\" \/>\n<meta name=\"robots\" content=\"index, follow, max-snippet:-1, max-image-preview:large, max-video-preview:-1\" \/>\n<link rel=\"canonical\" href=\"https:\/\/goldenbeardproject.com\/a-propos\/\" \/>\n<meta property=\"og:locale\" content=\"en_US\" \/>\n<meta property=\"og:type\" content=\"article\" \/>\n<meta property=\"og:title\" content=\"Golden Beard - ABOUT\" \/>\n<meta property=\"og:description\" content=\"It&#039;s a story of the young captain Makwah who will have to travel around the world with his ship to collect the Mekan\" \/>\n<meta property=\"og:url\" content=\"https:\/\/goldenbeardproject.com\/a-propos\/\" \/>\n<meta property=\"og:site_name\" content=\"Main\" \/>\n<meta property=\"article:publisher\" content=\"https:\/\/www.facebook.com\/goldenbeardproject\" \/>\n<meta property=\"article:modified_time\" content=\"2016-05-26T20:26:14+00:00\" \/>\n<meta property=\"og:image\" content=\"https:\/\/goldenbeardproject.com\/wp-content\/uploads\/2016\/04\/Accueil_thumbs_comic_01.1-2.jpg\" \/>\n\t<meta property=\"og:image:width\" content=\"344\" \/>\n\t<meta property=\"og:image:height\" content=\"236\" \/>\n\t<meta property=\"og:image:type\" content=\"image\/jpeg\" \/>\n<meta name=\"twitter:card\" content=\"summary_large_image\" \/>\n<meta name=\"twitter:site\" content=\"@GoldenBeard2014\" \/>\n<meta name=\"twitter:label1\" content=\"Est. reading time\" \/>\n\t<meta name=\"twitter:data1\" content=\"4 minutes\" \/>\n<script type=\"application\/ld+json\" class=\"yoast-schema-graph\">{\"@context\":\"https:\/\/schema.org\",\"@graph\":[{\"@type\":\"WebPage\",\"@id\":\"https:\/\/goldenbeardproject.com\/a-propos\/\",\"url\":\"https:\/\/goldenbeardproject.com\/a-propos\/\",\"name\":\"Golden Beard - ABOUT\",\"isPartOf\":{\"@id\":\"https:\/\/goldenbeardproject.com\/#website\"},\"primaryImageOfPage\":{\"@id\":\"https:\/\/goldenbeardproject.com\/a-propos\/#primaryimage\"},\"image\":{\"@id\":\"https:\/\/goldenbeardproject.com\/a-propos\/#primaryimage\"},\"thumbnailUrl\":\"http:\/\/goldenbeardproject.com\/wp-content\/uploads\/2016\/04\/Accueil_thumbs_comic_01.1-2-300x206.jpg\",\"datePublished\":\"2016-03-30T23:05:02+00:00\",\"dateModified\":\"2016-05-26T20:26:14+00:00\",\"description\":\"It's a story of the young captain Makwah who will have to travel around the world with his ship to collect the Mekan\",\"breadcrumb\":{\"@id\":\"https:\/\/goldenbeardproject.com\/a-propos\/#breadcrumb\"},\"inLanguage\":\"en-US\",\"potentialAction\":[{\"@type\":\"ReadAction\",\"target\":[\"https:\/\/goldenbeardproject.com\/a-propos\/\"]}]},{\"@type\":\"ImageObject\",\"inLanguage\":\"en-US\",\"@id\":\"https:\/\/goldenbeardproject.com\/a-propos\/#primaryimage\",\"url\":\"http:\/\/goldenbeardproject.com\/wp-content\/uploads\/2016\/04\/Accueil_thumbs_comic_01.1-2-300x206.jpg\",\"contentUrl\":\"http:\/\/goldenbeardproject.com\/wp-content\/uploads\/2016\/04\/Accueil_thumbs_comic_01.1-2-300x206.jpg\"},{\"@type\":\"BreadcrumbList\",\"@id\":\"https:\/\/goldenbeardproject.com\/a-propos\/#breadcrumb\",\"itemListElement\":[{\"@type\":\"ListItem\",\"position\":1,\"name\":\"Accueil\",\"item\":\"https:\/\/goldenbeardproject.com\/\"},{\"@type\":\"ListItem\",\"position\":2,\"name\":\"ABOUT\"}]},{\"@type\":\"WebSite\",\"@id\":\"https:\/\/goldenbeardproject.com\/#website\",\"url\":\"https:\/\/goldenbeardproject.com\/\",\"name\":\"Main\",\"description\":\"Just another WordPress site\",\"potentialAction\":[{\"@type\":\"SearchAction\",\"target\":{\"@type\":\"EntryPoint\",\"urlTemplate\":\"https:\/\/goldenbeardproject.com\/?s={search_term_string}\"},\"query-input\":{\"@type\":\"PropertyValueSpecification\",\"valueRequired\":true,\"valueName\":\"search_term_string\"}}],\"inLanguage\":\"en-US\"}]}<\/script>\n<!-- \/ Yoast SEO plugin. -->","yoast_head_json":{"title":"Golden Beard - ABOUT","description":"It's a story of the young captain Makwah who will have to travel around the world with his ship to collect the Mekan","robots":{"index":"index","follow":"follow","max-snippet":"max-snippet:-1","max-image-preview":"max-image-preview:large","max-video-preview":"max-video-preview:-1"},"canonical":"https:\/\/goldenbeardproject.com\/a-propos\/","og_locale":"en_US","og_type":"article","og_title":"Golden Beard - ABOUT","og_description":"It's a story of the young captain Makwah who will have to travel around the world with his ship to collect the Mekan","og_url":"https:\/\/goldenbeardproject.com\/a-propos\/","og_site_name":"Main","article_publisher":"https:\/\/www.facebook.com\/goldenbeardproject","article_modified_time":"2016-05-26T20:26:14+00:00","og_image":[{"width":344,"height":236,"url":"https:\/\/goldenbeardproject.com\/wp-content\/uploads\/2016\/04\/Accueil_thumbs_comic_01.1-2.jpg","type":"image\/jpeg"}],"twitter_card":"summary_large_image","twitter_site":"@GoldenBeard2014","twitter_misc":{"Est. reading time":"4 minutes"},"schema":{"@context":"https:\/\/schema.org","@graph":[{"@type":"WebPage","@id":"https:\/\/goldenbeardproject.com\/a-propos\/","url":"https:\/\/goldenbeardproject.com\/a-propos\/","name":"Golden Beard - ABOUT","isPartOf":{"@id":"https:\/\/goldenbeardproject.com\/#website"},"primaryImageOfPage":{"@id":"https:\/\/goldenbeardproject.com\/a-propos\/#primaryimage"},"image":{"@id":"https:\/\/goldenbeardproject.com\/a-propos\/#primaryimage"},"thumbnailUrl":"http:\/\/goldenbeardproject.com\/wp-content\/uploads\/2016\/04\/Accueil_thumbs_comic_01.1-2-300x206.jpg","datePublished":"2016-03-30T23:05:02+00:00","dateModified":"2016-05-26T20:26:14+00:00","description":"It's a story of the young captain Makwah who will have to travel around the world with his ship to collect the Mekan","breadcrumb":{"@id":"https:\/\/goldenbeardproject.com\/a-propos\/#breadcrumb"},"inLanguage":"en-US","potentialAction":[{"@type":"ReadAction","target":["https:\/\/goldenbeardproject.com\/a-propos\/"]}]},{"@type":"ImageObject","inLanguage":"en-US","@id":"https:\/\/goldenbeardproject.com\/a-propos\/#primaryimage","url":"http:\/\/goldenbeardproject.com\/wp-content\/uploads\/2016\/04\/Accueil_thumbs_comic_01.1-2-300x206.jpg","contentUrl":"http:\/\/goldenbeardproject.com\/wp-content\/uploads\/2016\/04\/Accueil_thumbs_comic_01.1-2-300x206.jpg"},{"@type":"BreadcrumbList","@id":"https:\/\/goldenbeardproject.com\/a-propos\/#breadcrumb","itemListElement":[{"@type":"ListItem","position":1,"name":"Accueil","item":"https:\/\/goldenbeardproject.com\/"},{"@type":"ListItem","position":2,"name":"ABOUT"}]},{"@type":"WebSite","@id":"https:\/\/goldenbeardproject.com\/#website","url":"https:\/\/goldenbeardproject.com\/","name":"Main","description":"Just another WordPress site","potentialAction":[{"@type":"SearchAction","target":{"@type":"EntryPoint","urlTemplate":"https:\/\/goldenbeardproject.com\/?s={search_term_string}"},"query-input":{"@type":"PropertyValueSpecification","valueRequired":true,"valueName":"search_term_string"}}],"inLanguage":"en-US"}]}},"_links":{"self":[{"href":"https:\/\/goldenbeardproject.com\/en\/wp-json\/wp\/v2\/pages\/1950","targetHints":{"allow":["GET"]}}],"collection":[{"href":"https:\/\/goldenbeardproject.com\/en\/wp-json\/wp\/v2\/pages"}],"about":[{"href":"https:\/\/goldenbeardproject.com\/en\/wp-json\/wp\/v2\/types\/page"}],"author":[{"embeddable":true,"href":"https:\/\/goldenbeardproject.com\/en\/wp-json\/wp\/v2\/users\/1"}],"replies":[{"embeddable":true,"href":"https:\/\/goldenbeardproject.com\/en\/wp-json\/wp\/v2\/comments?post=1950"}],"version-history":[{"count":6,"href":"https:\/\/goldenbeardproject.com\/en\/wp-json\/wp\/v2\/pages\/1950\/revisions"}],"predecessor-version":[{"id":4531,"href":"https:\/\/goldenbeardproject.com\/en\/wp-json\/wp\/v2\/pages\/1950\/revisions\/4531"}],"wp:attachment":[{"href":"https:\/\/goldenbeardproject.com\/en\/wp-json\/wp\/v2\/media?parent=1950"}],"curies":[{"name":"wp","href":"https:\/\/api.w.org\/{rel}","templated":true}]}}